{"id":17887,"date":"2024-10-06T19:22:24","date_gmt":"2024-10-06T17:22:24","guid":{"rendered":"https:\/\/www.chambery.be\/elementor-16752\/"},"modified":"2024-12-01T15:04:10","modified_gmt":"2024-12-01T14:04:10","slug":"elementor-16752","status":"publish","type":"page","link":"https:\/\/www.chambery.be\/fr\/elementor-16752\/","title":{"rendered":"Elementor #16752"},"content":{"rendered":"\t\t<div data-elementor-type=\"wp-page\" data-elementor-id=\"17887\" class=\"elementor elementor-17887 elementor-16752\" data-elementor-post-type=\"page\">\n\t\t\t\t<div class=\"elementor-element elementor-element-cce63e5 e-con-full e-flex e-con e-parent\" data-id=\"cce63e5\" data-element_type=\"container\" data-e-type=\"container\" data-settings=\"{&quot;background_background&quot;:&quot;classic&quot;}\">\n\t\t<div class=\"elementor-element elementor-element-fe24fef e-flex e-con-boxed e-con e-child\" data-id=\"fe24fef\" data-element_type=\"container\" data-e-type=\"container\">\n\t\t\t\t\t<div class=\"e-con-inner\">\n\t\t\t\t<div class=\"elementor-element elementor-element-61757aa elementor-widget elementor-widget-heading\" data-id=\"61757aa\" data-element_type=\"widget\" data-e-type=\"widget\" data-settings=\"{&quot;_animation_mobile&quot;:&quot;none&quot;}\" data-widget_type=\"heading.default\">\n\t\t\t\t<div class=\"elementor-widget-container\">\n\t\t\t\t\t<h2 class=\"elementor-heading-title elementor-size-default\">D\u00e9sol\u00e9...  <br>\n<br>  Cette page est encore en construction, en raison du renouvellement du site web.  <br>\n<br>  A bient\u00f4t,<\/h2>\t\t\t\t<\/div>\n\t\t\t\t<\/div>\n\t\t\t\t\t<\/div>\n\t\t\t\t<\/div>\n\t\t<div class=\"elementor-element elementor-element-34ba275 e-con-full e-flex e-con e-child\" data-id=\"34ba275\" data-element_type=\"container\" data-e-type=\"container\">\n\t\t\t\t<div class=\"elementor-element elementor-element-1f107a9 elementor-widget elementor-widget-image\" data-id=\"1f107a9\" data-element_type=\"widget\" data-e-type=\"widget\" data-widget_type=\"image.default\">\n\t\t\t\t<div class=\"elementor-widget-container\">\n\t\t\t\t\t\t\t\t\t\t\t\t\t\t\t<img fetchpriority=\"high\" decoding=\"async\" width=\"1024\" height=\"392\" src=\"https:\/\/www.chambery.be\/wp-content\/uploads\/2024\/02\/Logo_Chambery-07-1024x392.png\" class=\"attachment-large size-large wp-image-17687\" alt=\"\" srcset=\"https:\/\/www.chambery.be\/wp-content\/uploads\/2024\/02\/Logo_Chambery-07-1024x392.png 1024w, https:\/\/www.chambery.be\/wp-content\/uploads\/2024\/02\/Logo_Chambery-07-600x230.png 600w, https:\/\/www.chambery.be\/wp-content\/uploads\/2024\/02\/Logo_Chambery-07-300x115.png 300w, https:\/\/www.chambery.be\/wp-content\/uploads\/2024\/02\/Logo_Chambery-07-768x294.png 768w, https:\/\/www.chambery.be\/wp-content\/uploads\/2024\/02\/Logo_Chambery-07-1536x588.png 1536w, https:\/\/www.chambery.be\/wp-content\/uploads\/2024\/02\/Logo_Chambery-07-2048x784.png 2048w\" sizes=\"(max-width: 1024px) 100vw, 1024px\" \/>\t\t\t\t\t\t\t\t\t\t\t\t\t\t\t<\/div>\n\t\t\t\t<\/div>\n\t\t\t\t<\/div>\n\t\t\t\t<\/div>\n\t\t\t\t<\/div>\n\t\t","protected":false},"excerpt":{"rendered":"<p>D\u00e9sol\u00e9&#8230; Cette page est encore en construction, en raison du renouvellement du site web. A bient\u00f4t,<\/p>\n","protected":false},"author":2,"featured_media":0,"parent":0,"menu_order":0,"comment_status":"closed","ping_status":"closed","template":"","meta":{"_acf_changed":false,"footnotes":""},"class_list":["post-17887","page","type-page","status-publish","hentry"],"acf":[],"_links":{"self":[{"href":"https:\/\/www.chambery.be\/fr\/wp-json\/wp\/v2\/pages\/17887","targetHints":{"allow":["GET"]}}],"collection":[{"href":"https:\/\/www.chambery.be\/fr\/wp-json\/wp\/v2\/pages"}],"about":[{"href":"https:\/\/www.chambery.be\/fr\/wp-json\/wp\/v2\/types\/page"}],"author":[{"embeddable":true,"href":"https:\/\/www.chambery.be\/fr\/wp-json\/wp\/v2\/users\/2"}],"replies":[{"embeddable":true,"href":"https:\/\/www.chambery.be\/fr\/wp-json\/wp\/v2\/comments?post=17887"}],"version-history":[{"count":1,"href":"https:\/\/www.chambery.be\/fr\/wp-json\/wp\/v2\/pages\/17887\/revisions"}],"predecessor-version":[{"id":17889,"href":"https:\/\/www.chambery.be\/fr\/wp-json\/wp\/v2\/pages\/17887\/revisions\/17889"}],"wp:attachment":[{"href":"https:\/\/www.chambery.be\/fr\/wp-json\/wp\/v2\/media?parent=17887"}],"curies":[{"name":"wp","href":"https:\/\/api.w.org\/{rel}","templated":true}]}}